{"id":93,"date":"2025-09-17T13:00:55","date_gmt":"2025-09-17T13:00:55","guid":{"rendered":"https:\/\/partycaliente.com\/?page_id=93"},"modified":"2025-12-08T15:05:41","modified_gmt":"2025-12-08T15:05:41","slug":"evenements-prives","status":"publish","type":"page","link":"https:\/\/partycaliente.com\/index.php\/evenements-prives\/","title":{"rendered":"\u00c9v\u00e9nements Priv\u00e9s"},"content":{"rendered":"<p>[et_pb_section fb_built=\u00a0\u00bb1&Prime; _builder_version=\u00a0\u00bb4.9.2&Prime; _module_preset=\u00a0\u00bbdefault\u00a0\u00bb background_color=\u00a0\u00bbgcid-108a28f0-8abb-4fb1-bc6e-ab5533c81706&Prime; custom_padding=\u00a0\u00bb5px|||||\u00a0\u00bb global_colors_info=\u00a0\u00bb{%22gcid-108a28f0-8abb-4fb1-bc6e-ab5533c81706%22:%91%22background_color%22%93}\u00a0\u00bb][et_pb_row _builder_version=\u00a0\u00bb4.9.2&Prime; _module_preset=\u00a0\u00bbdefault\u00a0\u00bb hover_enabled=\u00a0\u00bb0&Prime; width_last_edited=\u00a0\u00bbon|phone\u00a0\u00bb width_phone=\u00a0\u00bb98%\u00a0\u00bb sticky_enabled=\u00a0\u00bb0&Prime;][et_pb_column type=\u00a0\u00bb4_4&Prime; _builder_version=\u00a0\u00bb4.9.2&Prime; _module_preset=\u00a0\u00bbdefault\u00a0\u00bb][et_pb_slider _builder_version=\u00a0\u00bb4.9.2&Prime; _module_preset=\u00a0\u00bbdefault\u00a0\u00bb hover_enabled=\u00a0\u00bb0&Prime; sticky_enabled=\u00a0\u00bb0&Prime;][et_pb_slide heading=\u00a0\u00bb\u00c9v\u00e9nements Priv\u00e9s\u00a0\u00bb button_link=\u00a0\u00bbhttps:\/\/partycaliente.com\/index.php\/contact\/\u00a0\u00bb _builder_version=\u00a0\u00bb4.9.2&Prime; _module_preset=\u00a0\u00bbdefault\u00a0\u00bb background_image=\u00a0\u00bbhttps:\/\/partycaliente.com\/wp-content\/uploads\/2025\/09\/Moontblancproduction-06306-scaled.jpg\u00a0\u00bb background_enable_image=\u00a0\u00bbon\u00a0\u00bb hover_enabled=\u00a0\u00bb0&Prime; sticky_transition=\u00a0\u00bbon\u00a0\u00bb sticky_enabled=\u00a0\u00bb0&Prime;][\/et_pb_slide][\/et_pb_slider][\/et_pb_column][\/et_pb_row][et_pb_row _builder_version=\u00a0\u00bb4.9.2&Prime; _module_preset=\u00a0\u00bbdefault\u00a0\u00bb hover_enabled=\u00a0\u00bb0&Prime; custom_padding=\u00a0\u00bb4px|||||\u00a0\u00bb width=\u00a0\u00bb94%\u00a0\u00bb sticky_enabled=\u00a0\u00bb0&Prime;][et_pb_column type=\u00a0\u00bb4_4&Prime; _builder_version=\u00a0\u00bb4.9.2&Prime; _module_preset=\u00a0\u00bbdefault\u00a0\u00bb][et_pb_text _builder_version=\u00a0\u00bb4.9.2&Prime; _module_preset=\u00a0\u00bbdefault\u00a0\u00bb header_3_text_color=\u00a0\u00bb#FFFFFF\u00a0\u00bb text_text_color=\u00a0\u00bb#FFFFFF\u00a0\u00bb hover_enabled=\u00a0\u00bb0&Prime; sticky_enabled=\u00a0\u00bb0&Prime; header_4_text_color=\u00a0\u00bb#FFFFFF\u00a0\u00bb header_3_font_size_last_edited=\u00a0\u00bbon|phone\u00a0\u00bb header_3_font_size_phone=\u00a0\u00bb20px\u00a0\u00bb text_font_size_last_edited=\u00a0\u00bbon|phone\u00a0\u00bb]<\/p>\n<h3 data-start=\"314\" data-end=\"379\" style=\"text-align: center;\"><span style=\"text-decoration: underline;\"><strong><em data-start=\"318\" data-end=\"379\">L\u2019ambiance latino &amp; br\u00e9silienne au c\u0153ur de votre \u00e9v\u00e9nement.<\/em><\/strong><\/span><\/h3>\n<p data-start=\"381\" data-end=\"613\" style=\"text-align: center;\">Vous souhaitez donner une touche chaude, dynamique et inoubliable \u00e0 votre \u00e9v\u00e9nement priv\u00e9 ?<br data-start=\"472\" data-end=\"475\" \/>Avec <strong data-start=\"480\" data-end=\"498\">Party Caliente<\/strong>, vous offrez \u00e0 vos invit\u00e9s une exp\u00e9rience unique, inspir\u00e9e des soir\u00e9es latines &amp; br\u00e9siliennes les plus populaires.<\/p>\n<p data-start=\"615\" data-end=\"824\" style=\"text-align: center;\">\u00a0Nous transformons votre f\u00eate en un v\u00e9ritable voyage musical et culturel.<\/p>\n<h3 data-start=\"831\" data-end=\"879\" style=\"text-align: center;\"><span style=\"text-decoration: underline;\"><strong><em>\ud83d\udd25 Ce que nous apportons \u00e0 votre \u00e9v\u00e9nement<\/em><\/strong><\/span><\/h3>\n<h4 data-start=\"881\" data-end=\"915\" style=\"text-align: center;\"><\/h4>\n<h4 data-start=\"881\" data-end=\"915\" style=\"text-align: center;\">\ud83c\udfa7 <strong data-start=\"888\" data-end=\"913\">DJ Set Party Caliente<\/strong><\/h4>\n<p data-start=\"916\" data-end=\"1105\" style=\"text-align: center;\">Un DJ sp\u00e9cialis\u00e9 latino &amp; br\u00e9silien, avec un set 100% caliente. Une ambiance qui chauffe imm\u00e9diatement la f\u00eate et fait danser tous les invit\u00e9s.<\/p>\n<h4 data-start=\"1107\" data-end=\"1148\" style=\"text-align: center;\">\ud83d\udc83\ud83d\udd7a <strong data-start=\"1116\" data-end=\"1146\">Shows &amp; Performances Danse<\/strong><\/h4>\n<p data-start=\"1149\" data-end=\"1292\" style=\"text-align: center;\">Des shows latins r\u00e9alis\u00e9s par nos danseurs\/danseuses professionnels pour cr\u00e9er des moments forts et spectaculaires.<\/p>\n<h4 data-start=\"1294\" data-end=\"1328\" style=\"text-align: center;\">\ud83c\udf99 <strong data-start=\"1301\" data-end=\"1326\">MC \/ Animateur Latino<\/strong><\/h4>\n<p data-start=\"1329\" data-end=\"1449\" style=\"text-align: center;\">Notre MC sp\u00e9cialis\u00e9 porte l\u2019\u00e9nergie de la soir\u00e9e, anime, chauffe le public et cr\u00e9e une vraie connexion avec vos invit\u00e9s.<\/p>\n<h4 data-start=\"1668\" data-end=\"1711\" style=\"text-align: center;\">\u2728 <strong data-start=\"1674\" data-end=\"1709\">Personnalisation de l\u2019\u00e9v\u00e9nement<\/strong><\/h4>\n<p data-start=\"1712\" data-end=\"1823\" style=\"text-align: center;\">Nous adaptons les performances, la dur\u00e9e, les artistes et l\u2019ambiance \u00e0 votre lieu, votre timing et vos besoins.<\/p>\n<p>[\/et_pb_text][\/et_pb_column][\/et_pb_row][et_pb_row _builder_version=\u00a0\u00bb4.9.2&Prime; _module_preset=\u00a0\u00bbdefault\u00a0\u00bb min_height=\u00a0\u00bb50.8px\u00a0\u00bb][et_pb_column _builder_version=\u00a0\u00bb4.9.2&Prime; _module_preset=\u00a0\u00bbdefault\u00a0\u00bb type=\u00a0\u00bb4_4&Prime;][et_pb_divider _builder_version=\u00a0\u00bb4.9.2&Prime; _module_preset=\u00a0\u00bbdefault\u00a0\u00bb color=\u00a0\u00bb#E09900&Prime; hover_enabled=\u00a0\u00bb0&Prime; sticky_enabled=\u00a0\u00bb0&Prime; min_height=\u00a0\u00bb18.8px\u00a0\u00bb custom_margin=\u00a0\u00bb||-23px|||\u00a0\u00bb][\/et_pb_divider][\/et_pb_column][\/et_pb_row][et_pb_row _builder_version=\u00a0\u00bb4.9.2&Prime; _module_preset=\u00a0\u00bbdefault\u00a0\u00bb custom_padding=\u00a0\u00bb8px|||||\u00a0\u00bb width_last_edited=\u00a0\u00bbon|phone\u00a0\u00bb width_phone=\u00a0\u00bb94%\u00a0\u00bb hover_enabled=\u00a0\u00bb0&Prime; sticky_enabled=\u00a0\u00bb0&Prime;][et_pb_column _builder_version=\u00a0\u00bb4.9.2&Prime; _module_preset=\u00a0\u00bbdefault\u00a0\u00bb type=\u00a0\u00bb4_4&Prime;][et_pb_text _builder_version=\u00a0\u00bb4.9.2&Prime; _module_preset=\u00a0\u00bbdefault\u00a0\u00bb sticky_enabled=\u00a0\u00bb0&Prime; header_3_text_color=\u00a0\u00bb#FFFFFF\u00a0\u00bb text_text_color=\u00a0\u00bb#FFFFFF\u00a0\u00bb header_4_text_color=\u00a0\u00bb#FFFFFF\u00a0\u00bb hover_enabled=\u00a0\u00bb0&Prime; header_3_font_size_last_edited=\u00a0\u00bbon|phone\u00a0\u00bb header_3_font_size_phone=\u00a0\u00bb19px\u00a0\u00bb]<\/p>\n<h3 data-start=\"1830\" data-end=\"1870\" style=\"text-align: center;\"><span style=\"text-decoration: underline;\"><strong><em>\ud83c\udf8a Pour quels types d\u2019\u00e9v\u00e9nements ?<\/em><\/strong><\/span><\/h3>\n<p data-start=\"1874\" data-end=\"1889\" style=\"text-align: center;\">&#8211; Anniversaires<\/p>\n<p data-start=\"1892\" data-end=\"1923\" style=\"text-align: center;\">&#8211; Mariages &amp; soir\u00e9es de mariage<\/p>\n<p data-start=\"1926\" data-end=\"1938\" style=\"text-align: center;\">&#8211; EVJF \/ EVG<\/p>\n<p data-start=\"1941\" data-end=\"1969\" style=\"text-align: center;\">&#8211; Soir\u00e9es priv\u00e9es entre amis<\/p>\n<p data-start=\"1972\" data-end=\"2002\" style=\"text-align: center;\">&#8211; F\u00eates en villa ou \u00e0 domicile<\/p>\n<p data-start=\"2005\" data-end=\"2029\" style=\"text-align: center;\">&#8211; Lancements de produits<\/p>\n<p data-start=\"2032\" data-end=\"2054\" style=\"text-align: center;\">&#8211; Soir\u00e9es d\u2019entreprise<\/p>\n<p data-start=\"2057\" data-end=\"2091\" style=\"text-align: center;\">&#8211; Rooftops &amp; \u00e9v\u00e9nements ext\u00e9rieurs<\/p>\n<p data-start=\"2093\" data-end=\"2170\" style=\"text-align: center;\">Peu importe l\u2019endroit : <strong data-start=\"2117\" data-end=\"2169\">on apporte l\u2019\u00e9nergie latino partout o\u00f9 vous \u00eates<\/strong>.<\/p>\n<p>[\/et_pb_text][\/et_pb_column][\/et_pb_row][et_pb_row _builder_version=\u00a0\u00bb4.9.2&Prime; _module_preset=\u00a0\u00bbdefault\u00a0\u00bb min_height=\u00a0\u00bb50.8px\u00a0\u00bb][et_pb_column _builder_version=\u00a0\u00bb4.9.2&Prime; _module_preset=\u00a0\u00bbdefault\u00a0\u00bb type=\u00a0\u00bb4_4&Prime;][et_pb_divider _builder_version=\u00a0\u00bb4.9.2&Prime; _module_preset=\u00a0\u00bbdefault\u00a0\u00bb color=\u00a0\u00bb#E09900&Prime; hover_enabled=\u00a0\u00bb0&Prime; sticky_enabled=\u00a0\u00bb0&Prime; min_height=\u00a0\u00bb18.8px\u00a0\u00bb custom_margin=\u00a0\u00bb||-41px|||\u00a0\u00bb][\/et_pb_divider][\/et_pb_column][\/et_pb_row][et_pb_row _builder_version=\u00a0\u00bb4.9.2&Prime; _module_preset=\u00a0\u00bbdefault\u00a0\u00bb custom_padding=\u00a0\u00bb10px|||||\u00a0\u00bb width_last_edited=\u00a0\u00bbon|phone\u00a0\u00bb width_phone=\u00a0\u00bb94%\u00a0\u00bb hover_enabled=\u00a0\u00bb0&Prime; sticky_enabled=\u00a0\u00bb0&Prime;][et_pb_column _builder_version=\u00a0\u00bb4.9.2&Prime; _module_preset=\u00a0\u00bbdefault\u00a0\u00bb type=\u00a0\u00bb4_4&Prime;][et_pb_text _builder_version=\u00a0\u00bb4.9.2&Prime; _module_preset=\u00a0\u00bbdefault\u00a0\u00bb sticky_enabled=\u00a0\u00bb0&Prime; header_3_text_color=\u00a0\u00bb#FFFFFF\u00a0\u00bb text_text_color=\u00a0\u00bb#FFFFFF\u00a0\u00bb header_4_text_color=\u00a0\u00bb#FFFFFF\u00a0\u00bb hover_enabled=\u00a0\u00bb0&Prime; locked=\u00a0\u00bboff\u00a0\u00bb header_3_font_size_last_edited=\u00a0\u00bbon|phone\u00a0\u00bb header_3_font_size_phone=\u00a0\u00bb19px\u00a0\u00bb]<\/p>\n<h3 data-start=\"2177\" data-end=\"2219\" style=\"text-align: center;\"><strong><em><span style=\"text-decoration: underline;\">\ud83c\udf1f Pourquoi choisir Party Caliente ?<\/span><\/em><\/strong><\/h3>\n<p data-start=\"2223\" data-end=\"2284\" style=\"text-align: center;\">Une \u00e9quipe sp\u00e9cialis\u00e9e dans la vibe latino &amp; br\u00e9silienne<\/p>\n<p data-start=\"2287\" data-end=\"2341\" style=\"text-align: center;\">Une ambiance authentique, moderne et ultra dynamique<\/p>\n<p data-start=\"2344\" data-end=\"2392\" style=\"text-align: center;\">Des artistes professionnels (DJ, danseurs, MC..) selon vos envies<\/p>\n<p data-start=\"2461\" data-end=\"2529\" style=\"text-align: center;\">Une exp\u00e9rience cl\u00e9-en-main pour que vous profitiez de votre soir\u00e9e<\/p>\n<p>[\/et_pb_text][\/et_pb_column][\/et_pb_row][et_pb_row _builder_version=\u00a0\u00bb4.9.2&Prime; _module_preset=\u00a0\u00bbdefault\u00a0\u00bb min_height=\u00a0\u00bb50.8px\u00a0\u00bb][et_pb_column _builder_version=\u00a0\u00bb4.9.2&Prime; _module_preset=\u00a0\u00bbdefault\u00a0\u00bb type=\u00a0\u00bb4_4&Prime;][et_pb_divider _builder_version=\u00a0\u00bb4.9.2&Prime; _module_preset=\u00a0\u00bbdefault\u00a0\u00bb color=\u00a0\u00bb#E09900&Prime; hover_enabled=\u00a0\u00bb0&Prime; sticky_enabled=\u00a0\u00bb0&Prime; min_height=\u00a0\u00bb18.8px\u00a0\u00bb custom_margin=\u00a0\u00bb||-41px|||\u00a0\u00bb][\/et_pb_divider][\/et_pb_column][\/et_pb_row][et_pb_row _builder_version=\u00a0\u00bb4.9.2&Prime; _module_preset=\u00a0\u00bbdefault\u00a0\u00bb custom_padding=\u00a0\u00bb10px|||||\u00a0\u00bb width=\u00a0\u00bb94%\u00a0\u00bb hover_enabled=\u00a0\u00bb0&Prime; sticky_enabled=\u00a0\u00bb0&Prime;][et_pb_column _builder_version=\u00a0\u00bb4.9.2&Prime; _module_preset=\u00a0\u00bbdefault\u00a0\u00bb type=\u00a0\u00bb4_4&Prime;][et_pb_text _builder_version=\u00a0\u00bb4.9.2&Prime; _module_preset=\u00a0\u00bbdefault\u00a0\u00bb sticky_enabled=\u00a0\u00bb0&Prime; header_3_text_color=\u00a0\u00bb#FFFFFF\u00a0\u00bb text_text_color=\u00a0\u00bb#FFFFFF\u00a0\u00bb header_4_text_color=\u00a0\u00bb#FFFFFF\u00a0\u00bb hover_enabled=\u00a0\u00bb0&Prime; locked=\u00a0\u00bboff\u00a0\u00bb header_3_font_size_last_edited=\u00a0\u00bbon|phone\u00a0\u00bb header_3_font_size_phone=\u00a0\u00bb20px\u00a0\u00bb]<\/p>\n<h3 data-start=\"2590\" data-end=\"2637\" style=\"text-align: center;\"><span style=\"text-decoration: underline;\"><em><strong>\ud83d\udce9 Envie d\u2019une soir\u00e9e priv\u00e9e caliente ?<\/strong><\/em><\/span><\/h3>\n<p data-start=\"2638\" data-end=\"2760\" style=\"text-align: center;\">Parlez-nous de votre projet !<br data-start=\"2667\" data-end=\"2670\" \/>Nous cr\u00e9ons une exp\u00e9rience sur mesure pour faire de votre \u00e9v\u00e9nement un moment inoubliable.<\/p>\n<p>[\/et_pb_text][\/et_pb_column][\/et_pb_row][et_pb_row _builder_version=\u00a0\u00bb4.9.2&Prime; _module_preset=\u00a0\u00bbdefault\u00a0\u00bb][et_pb_column _builder_version=\u00a0\u00bb4.9.2&Prime; _module_preset=\u00a0\u00bbdefault\u00a0\u00bb type=\u00a0\u00bb4_4&Prime;][et_pb_button button_text=\u00a0\u00bbContactez-nous\u00a0\u00bb _builder_version=\u00a0\u00bb4.9.2&Prime; _module_preset=\u00a0\u00bbdefault\u00a0\u00bb button_url=\u00a0\u00bbhttps:\/\/partycaliente.com\/index.php\/contact\/\u00a0\u00bb button_alignment=\u00a0\u00bbcenter\u00a0\u00bb hover_enabled=\u00a0\u00bb0&Prime; sticky_enabled=\u00a0\u00bb0&Prime;][\/et_pb_button][\/et_pb_column][\/et_pb_row][\/et_pb_section]<\/p>\n","protected":false},"excerpt":{"rendered":"<p>[et_pb_section fb_built=\u00a0\u00bb1&Prime; _builder_version=\u00a0\u00bb4.9.2&Prime; _module_preset=\u00a0\u00bbdefault\u00a0\u00bb background_color=\u00a0\u00bbgcid-108a28f0-8abb-4fb1-bc6e-ab5533c81706&Prime; custom_padding=\u00a0\u00bb5px|||||\u00a0\u00bb global_colors_info=\u00a0\u00bb{%22gcid-108a28f0-8abb-4fb1-bc6e-ab5533c81706%22:%91%22background_color%22%93}\u00a0\u00bb][et_pb_row _builder_version=\u00a0\u00bb4.9.2&Prime; _module_preset=\u00a0\u00bbdefault\u00a0\u00bb hover_enabled=\u00a0\u00bb0&Prime; width_last_edited=\u00a0\u00bbon|phone\u00a0\u00bb width_phone=\u00a0\u00bb98%\u00a0\u00bb sticky_enabled=\u00a0\u00bb0&Prime;][et_pb_column type=\u00a0\u00bb4_4&Prime; _builder_version=\u00a0\u00bb4.9.2&Prime; _module_preset=\u00a0\u00bbdefault\u00a0\u00bb][et_pb_slider _builder_version=\u00a0\u00bb4.9.2&Prime; _module_preset=\u00a0\u00bbdefault\u00a0\u00bb hover_enabled=\u00a0\u00bb0&Prime; sticky_enabled=\u00a0\u00bb0&Prime;][et_pb_slide heading=\u00a0\u00bb\u00c9v\u00e9nements Priv\u00e9s\u00a0\u00bb button_link=\u00a0\u00bbhttps:\/\/partycaliente.com\/index.php\/contact\/\u00a0\u00bb _builder_version=\u00a0\u00bb4.9.2&Prime; _module_preset=\u00a0\u00bbdefault\u00a0\u00bb background_image=\u00a0\u00bbhttps:\/\/partycaliente.com\/wp-content\/uploads\/2025\/09\/Moontblancproduction-06306-scaled.jpg\u00a0\u00bb background_enable_image=\u00a0\u00bbon\u00a0\u00bb hover_enabled=\u00a0\u00bb0&Prime; sticky_transition=\u00a0\u00bbon\u00a0\u00bb sticky_enabled=\u00a0\u00bb0&Prime;][\/et_pb_slide][\/et_pb_slider][\/et_pb_column][\/et_pb_row][et_pb_row _builder_version=\u00a0\u00bb4.9.2&Prime; _module_preset=\u00a0\u00bbdefault\u00a0\u00bb hover_enabled=\u00a0\u00bb0&Prime; custom_padding=\u00a0\u00bb4px|||||\u00a0\u00bb width=\u00a0\u00bb94%\u00a0\u00bb sticky_enabled=\u00a0\u00bb0&Prime;][et_pb_column type=\u00a0\u00bb4_4&Prime; _builder_version=\u00a0\u00bb4.9.2&Prime; _module_preset=\u00a0\u00bbdefault\u00a0\u00bb][et_pb_text _builder_version=\u00a0\u00bb4.9.2&Prime; _module_preset=\u00a0\u00bbdefault\u00a0\u00bb header_3_text_color=\u00a0\u00bb#FFFFFF\u00a0\u00bb text_text_color=\u00a0\u00bb#FFFFFF\u00a0\u00bb hover_enabled=\u00a0\u00bb0&Prime; sticky_enabled=\u00a0\u00bb0&Prime; header_4_text_color=\u00a0\u00bb#FFFFFF\u00a0\u00bb header_3_font_size_last_edited=\u00a0\u00bbon|phone\u00a0\u00bb header_3_font_size_phone=\u00a0\u00bb20px\u00a0\u00bb text_font_size_last_edited=\u00a0\u00bbon|phone\u00a0\u00bb] L\u2019ambiance latino &amp; br\u00e9silienne au c\u0153ur [&hellip;]<\/p>\n","protected":false},"author":1,"featured_media":0,"parent":0,"menu_order":0,"comment_status":"closed","ping_status":"closed","template":"","meta":{"_et_pb_use_builder":"on","_et_pb_old_content":"","_et_gb_content_width":"","footnotes":""},"class_list":["post-93","page","type-page","status-publish","hentry"],"_links":{"self":[{"href":"https:\/\/partycaliente.com\/index.php\/wp-json\/wp\/v2\/pages\/93","targetHints":{"allow":["GET"]}}],"collection":[{"href":"https:\/\/partycaliente.com\/index.php\/wp-json\/wp\/v2\/pages"}],"about":[{"href":"https:\/\/partycaliente.com\/index.php\/wp-json\/wp\/v2\/types\/page"}],"author":[{"embeddable":true,"href":"https:\/\/partycaliente.com\/index.php\/wp-json\/wp\/v2\/users\/1"}],"replies":[{"embeddable":true,"href":"https:\/\/partycaliente.com\/index.php\/wp-json\/wp\/v2\/comments?post=93"}],"version-history":[{"count":13,"href":"https:\/\/partycaliente.com\/index.php\/wp-json\/wp\/v2\/pages\/93\/revisions"}],"predecessor-version":[{"id":255,"href":"https:\/\/partycaliente.com\/index.php\/wp-json\/wp\/v2\/pages\/93\/revisions\/255"}],"wp:attachment":[{"href":"https:\/\/partycaliente.com\/index.php\/wp-json\/wp\/v2\/media?parent=93"}],"curies":[{"name":"wp","href":"https:\/\/api.w.org\/{rel}","templated":true}]}}