{"id":115,"date":"2025-09-17T13:24:02","date_gmt":"2025-09-17T13:24:02","guid":{"rendered":"https:\/\/partycaliente.com\/?page_id=115"},"modified":"2025-12-08T14:40:19","modified_gmt":"2025-12-08T14:40:19","slug":"nos-formules","status":"publish","type":"page","link":"https:\/\/partycaliente.com\/index.php\/nos-formules\/","title":{"rendered":"Nos Formules"},"content":{"rendered":"<p>[et_pb_section fb_built=\u00a0\u00bb1&Prime; _builder_version=\u00a0\u00bb4.9.2&Prime; _module_preset=\u00a0\u00bbdefault\u00a0\u00bb background_color=\u00a0\u00bbgcid-108a28f0-8abb-4fb1-bc6e-ab5533c81706&Prime; custom_padding=\u00a0\u00bb3px|||||\u00a0\u00bb global_colors_info=\u00a0\u00bb{%22gcid-108a28f0-8abb-4fb1-bc6e-ab5533c81706%22:%91%22background_color%22%93}\u00a0\u00bb][et_pb_row _builder_version=\u00a0\u00bb4.9.2&Prime; _module_preset=\u00a0\u00bbdefault\u00a0\u00bb][et_pb_column type=\u00a0\u00bb4_4&Prime; _builder_version=\u00a0\u00bb4.9.2&Prime; _module_preset=\u00a0\u00bbdefault\u00a0\u00bb][et_pb_text _builder_version=\u00a0\u00bb4.9.2&Prime; _module_preset=\u00a0\u00bbdefault\u00a0\u00bb text_font=\u00a0\u00bb|700||on|on||||\u00a0\u00bb text_text_color=\u00a0\u00bb#E09900&Prime; text_font_size=\u00a0\u00bb29px\u00a0\u00bb text_orientation=\u00a0\u00bbcenter\u00a0\u00bb]<\/p>\n<p>Nos Formules<\/p>\n<p>[\/et_pb_text][\/et_pb_column][\/et_pb_row][et_pb_row column_structure=\u00a0\u00bb1_3,1_3,1_3&Prime; _builder_version=\u00a0\u00bb4.9.2&Prime; _module_preset=\u00a0\u00bbdefault\u00a0\u00bb][et_pb_column type=\u00a0\u00bb1_3&Prime; _builder_version=\u00a0\u00bb4.9.2&Prime; _module_preset=\u00a0\u00bbdefault\u00a0\u00bb][et_pb_image src=\u00a0\u00bbhttp:\/\/partycaliente.com\/wp-content\/uploads\/2025\/12\/CALIENTE-113-copie-scaled.jpg\u00a0\u00bb _builder_version=\u00a0\u00bb4.9.2&Prime; _module_preset=\u00a0\u00bbdefault\u00a0\u00bb hover_enabled=\u00a0\u00bb0&Prime; sticky_enabled=\u00a0\u00bb0&Prime; title_text=\u00a0\u00bbCALIENTE-113 copie\u00a0\u00bb][\/et_pb_image][et_pb_text _builder_version=\u00a0\u00bb4.9.2&Prime; _module_preset=\u00a0\u00bbdefault\u00a0\u00bb text_font=\u00a0\u00bb|700||on|||||\u00a0\u00bb text_text_color=\u00a0\u00bb#FFFFFF\u00a0\u00bb text_font_size=\u00a0\u00bb23px\u00a0\u00bb text_orientation=\u00a0\u00bbcenter\u00a0\u00bb hover_enabled=\u00a0\u00bb0&Prime; sticky_enabled=\u00a0\u00bb0&Prime;]<\/p>\n<p>DJ SET\u00a0<\/p>\n<p>[\/et_pb_text][et_pb_text _builder_version=\u00a0\u00bb4.9.2&Prime; _module_preset=\u00a0\u00bbdefault\u00a0\u00bb hover_enabled=\u00a0\u00bb0&Prime; header_3_text_color=\u00a0\u00bb#FFFFFF\u00a0\u00bb header_3_text_align=\u00a0\u00bbcenter\u00a0\u00bb header_3_font_size=\u00a0\u00bb17px\u00a0\u00bb sticky_enabled=\u00a0\u00bb0&Prime; text_text_color=\u00a0\u00bb#FFFFFF\u00a0\u00bb]<\/p>\n<h3 data-start=\"158\" data-end=\"227\"><em data-start=\"162\" data-end=\"227\">L\u2019essence de Party Caliente : 100% vibes latino &amp; br\u00e9siliennes.<\/em><\/h3>\n<p data-start=\"229\" data-end=\"243\" style=\"text-align: center;\"><strong data-start=\"229\" data-end=\"241\">Inclus :<\/strong><\/p>\n<ul data-start=\"244\" data-end=\"435\">\n<li data-start=\"244\" data-end=\"314\" style=\"text-align: center;\">\n<p data-start=\"246\" data-end=\"314\">\ud83c\udfa7 <strong data-start=\"249\" data-end=\"269\">DJ<\/strong>\u00a0sp\u00e9cialis\u00e9 dans le son latino et br\u00e9silien<\/p>\n<\/li>\n<li data-start=\"315\" data-end=\"435\">\n<p data-start=\"317\" data-end=\"435\" style=\"text-align: center;\">\ud83d\udd25 <strong data-start=\"320\" data-end=\"355\">Set musical 100% Party Caliente<\/strong>, pens\u00e9 pour cr\u00e9er une ambiance chaude, \u00e9nergique et festive du d\u00e9but \u00e0 la fin.<\/p>\n<\/li>\n<li data-start=\"315\" data-end=\"435\">\ud83c\udf99\ufe0f <strong data-start=\"198\" data-end=\"222\">Option : MC Caliente<\/strong>, expert de nos soir\u00e9es latino, pour mettre le feu, cr\u00e9er des moments forts et pousser l\u2019ambiance encore plus haut.<\/li>\n<\/ul>\n<p>[\/et_pb_text][et_pb_button button_text=\u00a0\u00bbEn Savoir Plus\u00a0\u00bb _builder_version=\u00a0\u00bb4.9.2&Prime; _module_preset=\u00a0\u00bbdefault\u00a0\u00bb button_alignment=\u00a0\u00bbcenter\u00a0\u00bb hover_enabled=\u00a0\u00bb0&Prime; sticky_enabled=\u00a0\u00bb0&Prime; button_url=\u00a0\u00bbhttps:\/\/partycaliente.com\/index.php\/contact\/\u00a0\u00bb][\/et_pb_button][\/et_pb_column][et_pb_column type=\u00a0\u00bb1_3&Prime; _builder_version=\u00a0\u00bb4.9.2&Prime; _module_preset=\u00a0\u00bbdefault\u00a0\u00bb][et_pb_image src=\u00a0\u00bbhttp:\/\/partycaliente.com\/wp-content\/uploads\/2025\/12\/DSC_0356-scaled.jpg\u00a0\u00bb _builder_version=\u00a0\u00bb4.9.2&Prime; _module_preset=\u00a0\u00bbdefault\u00a0\u00bb hover_enabled=\u00a0\u00bb0&Prime; title_text=\u00a0\u00bbDSC_0356&Prime; sticky_enabled=\u00a0\u00bb0&Prime;][\/et_pb_image][et_pb_text _builder_version=\u00a0\u00bb4.9.2&Prime; _module_preset=\u00a0\u00bbdefault\u00a0\u00bb text_font=\u00a0\u00bb|700||on|||||\u00a0\u00bb text_text_color=\u00a0\u00bb#FFFFFF\u00a0\u00bb text_font_size=\u00a0\u00bb23px\u00a0\u00bb text_orientation=\u00a0\u00bbcenter\u00a0\u00bb]<\/p>\n<p>Organisation evenementiel<\/p>\n<p>[\/et_pb_text][et_pb_text _builder_version=\u00a0\u00bb4.9.2&Prime; _module_preset=\u00a0\u00bbdefault\u00a0\u00bb header_3_text_color=\u00a0\u00bb#FFFFFF\u00a0\u00bb text_text_color=\u00a0\u00bb#FFFFFF\u00a0\u00bb sticky_enabled=\u00a0\u00bb0&Prime; header_3_text_align=\u00a0\u00bbcenter\u00a0\u00bb header_3_font_size=\u00a0\u00bb17px\u00a0\u00bb hover_enabled=\u00a0\u00bb0&Prime;]<\/p>\n<h3 data-start=\"1285\" data-end=\"1339\"><em data-start=\"1289\" data-end=\"1339\">Vous fournissez le lieu. Nous cr\u00e9ons l\u2019ambiance.<\/em><\/h3>\n<p data-start=\"1341\" data-end=\"1519\">Cette formule vous lib\u00e8re de toute la charge li\u00e9e \u00e0 l\u2019organisation d\u2019une soir\u00e9e ensolleill\u00e9. Nous g\u00e9rons la partie artistique, la communication et toute la gestion de l\u2019\u00e9v\u00e9nement.<\/p>\n<p data-start=\"1521\" data-end=\"1549\" style=\"text-align: center;\"><strong data-start=\"1521\" data-end=\"1547\">Cette formule inclut :<\/strong><\/p>\n<ul data-start=\"1550\" data-end=\"2075\" style=\"text-align: center;\">\n<li data-start=\"1550\" data-end=\"1604\">\n<p data-start=\"1552\" data-end=\"1604\">\ud83c\udfa7 <strong>DJ Party Caliente<\/strong> (Set adapt\u00e9e au th\u00e8me)<\/p>\n<\/li>\n<li data-start=\"1605\" data-end=\"1691\">\n<p data-start=\"1607\" data-end=\"1691\">\ud83d\udc83 <strong data-start=\"1610\" data-end=\"1648\">Danseurs \/ danseuses ou performers<\/strong> (1 ou plusieurs)<\/p>\n<\/li>\n<li data-start=\"1692\" data-end=\"1764\">\n<p data-start=\"1694\" data-end=\"1764\">\ud83c\udf99 <strong data-start=\"1697\" data-end=\"1715\">MC \/ Animateur<\/strong> pour chauffer le public et dynamiser la soir\u00e9e<\/p>\n<\/li>\n<li data-start=\"1765\" data-end=\"1865\">\n<p data-start=\"1767\" data-end=\"1865\">\ud83d\udd25 <strong data-start=\"1770\" data-end=\"1797\">Animations interactives<\/strong> \u00a0(concours de twerk, shot roulette, jeux\u2026)<\/p>\n<\/li>\n<li data-start=\"1866\" data-end=\"1921\">\n<p data-start=\"1868\" data-end=\"1921\">\ud83d\udcdd <strong data-start=\"1871\" data-end=\"1909\">Coordination et gestion artistique<\/strong><\/p>\n<\/li>\n<\/ul>\n<p data-start=\"2077\" data-end=\"2184\" style=\"text-align: center;\"><strong data-start=\"2077\" data-end=\"2091\">Pour qui ?<\/strong><br data-start=\"2091\" data-end=\"2094\" \/>Clubs, bars, restaurants ambiance, \u00e9v\u00e9nements d\u2019entreprise, soir\u00e9es th\u00e9matiques sp\u00e9ciales.<\/p>\n<p data-start=\"2186\" data-end=\"2287\" style=\"text-align: center;\">\u27a1\ufe0f <em data-start=\"2189\" data-end=\"2287\">La solution id\u00e9ale pour attirer du public, cr\u00e9er un vrai concept et une soir\u00e9e m\u00e9morable.<\/em><\/p>\n<h1 data-start=\"2294\" data-end=\"2336\"><\/h1>\n<p>[\/et_pb_text][et_pb_button button_text=\u00a0\u00bbEn Savoir Plus\u00a0\u00bb _builder_version=\u00a0\u00bb4.9.2&Prime; _module_preset=\u00a0\u00bbdefault\u00a0\u00bb button_alignment=\u00a0\u00bbcenter\u00a0\u00bb hover_enabled=\u00a0\u00bb0&Prime; sticky_enabled=\u00a0\u00bb0&Prime; button_url=\u00a0\u00bbhttps:\/\/partycaliente.com\/index.php\/contact\/\u00a0\u00bb][\/et_pb_button][\/et_pb_column][et_pb_column type=\u00a0\u00bb1_3&Prime; _builder_version=\u00a0\u00bb4.9.2&Prime; _module_preset=\u00a0\u00bbdefault\u00a0\u00bb][et_pb_image src=\u00a0\u00bbhttp:\/\/partycaliente.com\/wp-content\/uploads\/2025\/09\/MUST-CALIENTE-060-1-scaled.png\u00a0\u00bb _builder_version=\u00a0\u00bb4.9.2&Prime; _module_preset=\u00a0\u00bbdefault\u00a0\u00bb hover_enabled=\u00a0\u00bb0&Prime; title_text=\u00a0\u00bbparty caliente\u00a0\u00bb sticky_enabled=\u00a0\u00bb0&Prime;][\/et_pb_image][et_pb_text _builder_version=\u00a0\u00bb4.9.2&Prime; _module_preset=\u00a0\u00bbdefault\u00a0\u00bb text_font=\u00a0\u00bb|700||on|||||\u00a0\u00bb text_text_color=\u00a0\u00bb#FFFFFF\u00a0\u00bb text_font_size=\u00a0\u00bb23px\u00a0\u00bb text_orientation=\u00a0\u00bbcenter\u00a0\u00bb]<\/p>\n<p>Concept Cl\u00e9 en main<\/p>\n<p>[\/et_pb_text][et_pb_text _builder_version=\u00a0\u00bb4.9.2&Prime; _module_preset=\u00a0\u00bbdefault\u00a0\u00bb sticky_enabled=\u00a0\u00bb0&Prime; header_3_text_color=\u00a0\u00bb#FFFFFF\u00a0\u00bb text_text_color=\u00a0\u00bb#FFFFFF\u00a0\u00bb header_3_text_align=\u00a0\u00bbcenter\u00a0\u00bb header_3_font_size=\u00a0\u00bb17px\u00a0\u00bb text_line_height=\u00a0\u00bb1.5em\u00a0\u00bb hover_enabled=\u00a0\u00bb0&Prime;]<\/p>\n<h3>Le pack le plus complet : un vrai show latino &amp; br\u00e9silien<\/h3>\n<p style=\"text-align: center;\">Party Caliente vous cr\u00e9e une exp\u00e9rience immersive<\/p>\n<p style=\"text-align: center;\"><strong>Cette formule inclut : <\/strong><\/p>\n<ul>\n<li style=\"text-align: center;\">\ud83c\udfa7 <strong data-start=\"59\" data-end=\"173\" data-is-last-node=\"\">DJ Set <\/strong>exclusif de 2h assur\u00e9 par notre DJ, 100% latino &amp; br\u00e9silien<\/li>\n<li style=\"text-align: center;\">\ud83d\udc83\ud83d\udd7a <strong data-start=\"165\" data-end=\"262\">Shows danse <\/strong>qui font vivre la culture latine et enflamment instantan\u00e9ment le public<\/li>\n<li style=\"text-align: center;\">\ud83c\udf99 <strong>MC<\/strong> pour dynamiser la soir\u00e9e<\/li>\n<li style=\"text-align: center;\">\ud83d\udd25 <strong>Animations<\/strong> &amp; interactions public<\/li>\n<li style=\"text-align: center;\">\ud83c\udf51 <strong>Concours<\/strong> de twerk et pereo<\/li>\n<li style=\"text-align: center;\">\n<p data-pm-slice=\"1 1 []\">\ud83d\udca1 <strong>Conseils d\u00e9co<\/strong> et <strong>ambiances<\/strong> (ambiance lumi\u00e8re, d\u00e9coration sugg\u00e9r\u00e9e, dress code\u2026)<\/p>\n<\/li>\n<\/ul>\n<p data-pm-slice=\"1 1 []\" style=\"text-align: center;\"><strong>Pour qui ? <\/strong><\/p>\n<p data-pm-slice=\"1 1 []\" style=\"text-align: center;\">Clubs ou festivals recherchant un concept fort, original, ardent et CALIENTE !<\/p>\n<p style=\"text-align: center;\">\u27a1\ufe0f <em data-start=\"63\" data-end=\"228\" data-is-last-node=\"\">Le choix parfait pour proposer un concept unique et marquer la diff\u00e9rence dans votre programmation avec une soir\u00e9e structur\u00e9e, identifiable et hautement \u00e9nergique.<\/em><\/p>\n<p>[\/et_pb_text][et_pb_button button_text=\u00a0\u00bbEn Savoir Plus\u00a0\u00bb _builder_version=\u00a0\u00bb4.9.2&Prime; _module_preset=\u00a0\u00bbdefault\u00a0\u00bb button_alignment=\u00a0\u00bbcenter\u00a0\u00bb hover_enabled=\u00a0\u00bb0&Prime; sticky_enabled=\u00a0\u00bb0&Prime; button_url=\u00a0\u00bbhttps:\/\/partycaliente.com\/index.php\/contact\/\u00a0\u00bb][\/et_pb_button][\/et_pb_column][\/et_pb_row][\/et_pb_section]<\/p>\n","protected":false},"excerpt":{"rendered":"<p>[et_pb_section fb_built=\u00a0\u00bb1&Prime; _builder_version=\u00a0\u00bb4.9.2&Prime; _module_preset=\u00a0\u00bbdefault\u00a0\u00bb background_color=\u00a0\u00bbgcid-108a28f0-8abb-4fb1-bc6e-ab5533c81706&Prime; custom_padding=\u00a0\u00bb3px|||||\u00a0\u00bb global_colors_info=\u00a0\u00bb{%22gcid-108a28f0-8abb-4fb1-bc6e-ab5533c81706%22:%91%22background_color%22%93}\u00a0\u00bb][et_pb_row _builder_version=\u00a0\u00bb4.9.2&Prime; _module_preset=\u00a0\u00bbdefault\u00a0\u00bb][et_pb_column type=\u00a0\u00bb4_4&Prime; _builder_version=\u00a0\u00bb4.9.2&Prime; _module_preset=\u00a0\u00bbdefault\u00a0\u00bb][et_pb_text _builder_version=\u00a0\u00bb4.9.2&Prime; _module_preset=\u00a0\u00bbdefault\u00a0\u00bb text_font=\u00a0\u00bb|700||on|on||||\u00a0\u00bb text_text_color=\u00a0\u00bb#E09900&Prime; text_font_size=\u00a0\u00bb29px\u00a0\u00bb text_orientation=\u00a0\u00bbcenter\u00a0\u00bb] Nos Formules [\/et_pb_text][\/et_pb_column][\/et_pb_row][et_pb_row column_structure=\u00a0\u00bb1_3,1_3,1_3&Prime; _builder_version=\u00a0\u00bb4.9.2&Prime; _module_preset=\u00a0\u00bbdefault\u00a0\u00bb][et_pb_column type=\u00a0\u00bb1_3&Prime; _builder_version=\u00a0\u00bb4.9.2&Prime; _module_preset=\u00a0\u00bbdefault\u00a0\u00bb][et_pb_image src=\u00a0\u00bbhttp:\/\/partycaliente.com\/wp-content\/uploads\/2025\/12\/CALIENTE-113-copie-scaled.jpg\u00a0\u00bb _builder_version=\u00a0\u00bb4.9.2&Prime; _module_preset=\u00a0\u00bbdefault\u00a0\u00bb hover_enabled=\u00a0\u00bb0&Prime; sticky_enabled=\u00a0\u00bb0&Prime; title_text=\u00a0\u00bbCALIENTE-113 copie\u00a0\u00bb][\/et_pb_image][et_pb_text _builder_version=\u00a0\u00bb4.9.2&Prime; _module_preset=\u00a0\u00bbdefault\u00a0\u00bb text_font=\u00a0\u00bb|700||on|||||\u00a0\u00bb text_text_color=\u00a0\u00bb#FFFFFF\u00a0\u00bb text_font_size=\u00a0\u00bb23px\u00a0\u00bb text_orientation=\u00a0\u00bbcenter\u00a0\u00bb hover_enabled=\u00a0\u00bb0&Prime; sticky_enabled=\u00a0\u00bb0&Prime;] DJ SET\u00a0 [\/et_pb_text][et_pb_text _builder_version=\u00a0\u00bb4.9.2&Prime; _module_preset=\u00a0\u00bbdefault\u00a0\u00bb hover_enabled=\u00a0\u00bb0&Prime; header_3_text_color=\u00a0\u00bb#FFFFFF\u00a0\u00bb header_3_text_align=\u00a0\u00bbcenter\u00a0\u00bb header_3_font_size=\u00a0\u00bb17px\u00a0\u00bb sticky_enabled=\u00a0\u00bb0&Prime; text_text_color=\u00a0\u00bb#FFFFFF\u00a0\u00bb] L\u2019essence de [&hellip;]<\/p>\n","protected":false},"author":1,"featured_media":0,"parent":0,"menu_order":0,"comment_status":"closed","ping_status":"closed","template":"","meta":{"_et_pb_use_builder":"on","_et_pb_old_content":"","_et_gb_content_width":"","footnotes":""},"class_list":["post-115","page","type-page","status-publish","hentry"],"_links":{"self":[{"href":"https:\/\/partycaliente.com\/index.php\/wp-json\/wp\/v2\/pages\/115","targetHints":{"allow":["GET"]}}],"collection":[{"href":"https:\/\/partycaliente.com\/index.php\/wp-json\/wp\/v2\/pages"}],"about":[{"href":"https:\/\/partycaliente.com\/index.php\/wp-json\/wp\/v2\/types\/page"}],"author":[{"embeddable":true,"href":"https:\/\/partycaliente.com\/index.php\/wp-json\/wp\/v2\/users\/1"}],"replies":[{"embeddable":true,"href":"https:\/\/partycaliente.com\/index.php\/wp-json\/wp\/v2\/comments?post=115"}],"version-history":[{"count":9,"href":"https:\/\/partycaliente.com\/index.php\/wp-json\/wp\/v2\/pages\/115\/revisions"}],"predecessor-version":[{"id":243,"href":"https:\/\/partycaliente.com\/index.php\/wp-json\/wp\/v2\/pages\/115\/revisions\/243"}],"wp:attachment":[{"href":"https:\/\/partycaliente.com\/index.php\/wp-json\/wp\/v2\/media?parent=115"}],"curies":[{"name":"wp","href":"https:\/\/api.w.org\/{rel}","templated":true}]}}